{"id":23,"date":"2023-11-08T11:13:47","date_gmt":"2023-11-08T11:13:47","guid":{"rendered":"https:\/\/web4.rkinformatika.net\/montajesmarzo\/?page_id=23"},"modified":"2024-09-20T10:16:27","modified_gmt":"2024-09-20T10:16:27","slug":"accesibilidad","status":"publish","type":"page","link":"https:\/\/montajesmarzo.com\/eu\/accesibilidad\/","title":{"rendered":"Irisgarritasuna"},"content":{"rendered":"<style>.elementor-23 .elementor-element.elementor-element-4ad0745{--display:flex;--flex-direction:column;--container-widget-width:100%;--container-widget-height:initial;--container-widget-flex-grow:0;--container-widget-align-self:initial;--flex-wrap-mobile:wrap;}:root{--page-title-display:none;}<\/style>\t\t<div data-elementor-type=\"wp-page\" data-elementor-id=\"23\" class=\"elementor elementor-23\" data-elementor-post-type=\"page\">\n\t\t\t\t<div class=\"elementor-element elementor-element-4ad0745 e-flex e-con-boxed e-con e-parent\" data-id=\"4ad0745\" data-element_type=\"container\" data-e-type=\"container\">\n\t\t\t\t\t<div class=\"e-con-inner\">\n\t\t\t\t<div class=\"elementor-element elementor-element-4c03319 elementor-widget elementor-widget-text-editor\" data-id=\"4c03319\" data-element_type=\"widget\" data-e-type=\"widget\" data-widget_type=\"text-editor.default\">\n\t\t\t\t<div class=\"elementor-widget-container\">\n\t\t\t\t\t\t\t\t\t<div class=\"elementor elementor-32\" data-elementor-type=\"wp-page\" data-elementor-id=\"32\" data-elementor-post-type=\"page\"><div class=\"elementor-element elementor-element-d51c5f7 e-flex e-con-boxed e-con e-parent\" data-id=\"d51c5f7\" data-element_type=\"container\" data-settings=\"{&quot;content_width&quot;:&quot;boxed&quot;}\" data-core-v316-plus=\"true\"><div class=\"e-con-inner\"><div class=\"elementor-element elementor-element-3e6fe77d elementor-widget elementor-widget-text-editor\" data-id=\"3e6fe77d\" data-element_type=\"widget\" data-widget_type=\"text-editor.default\"><div class=\"elementor-widget-container\"><h1 class=\"western\"><b>ACCESIBILIDAD<\/b><\/h1><p><b>JUAN MANUEL MARZO\u00a0<\/b>se ha comprometido a hacer accesible su sitio web, de conformidad con el\u00a0<a href=\"https:\/\/www.boe.es\/diario_boe\/txt.php?id=BOE-A-2018-12699\" target=\"_blank\" rel=\"noopener\">Real Decreto 1112\/2018, de 7 de septiembre, sobre accesibilidad de los sitios web y aplicaciones para dispositivos m\u00f3viles del sector p\u00fablico.<\/a><\/p><p>La presente declaraci\u00f3n de accesibilidad se aplica al sitio web\u00a0<b>https:\/\/<span lang=\"es-ES-u-co-trad\">www.montajesmarzo.com<\/span><\/b><\/p><h2 class=\"western\">Situaci\u00f3n de cumplimiento<\/h2><p>Este sitio web es parcialmente conforme con el\u00a0<a href=\"https:\/\/www.boe.es\/diario_boe\/txt.php?id=BOE-A-2018-12699\" target=\"_blank\" rel=\"noopener\">RD 1112\/2018<\/a>.<\/p><h2 class=\"western\">Preparaci\u00f3n para la siguiente declaraci\u00f3n de accesibilidad<\/h2><p>La presente declaraci\u00f3n fue preparada el <b>20<\/b><b> de Septiembre<\/b><b> de 2024.<\/b><\/p><p>El m\u00e9todo empleado para preparar la declaraci\u00f3n ha sido una autoevaluaci\u00f3n llevada a cabo por el propio organismo.<\/p><p>Observaciones y datos de contacto<\/p><p>Puede realizar comunicaciones sobre requisitos de accesibilidad (art\u00edculo 10.2.a del RD 1112\/2018) como, por ejemplo:<\/p><ul><li><p>Informar sobre cualquier posible incumplimiento por parte de este sitio web<\/p><\/li><li><p>Transmitir otras dificultades de acceso al contenido<\/p><\/li><li><p>Formular cualquier otra consulta o sugerencia de mejora relativa a la accesibilidad del sitio web<\/p><\/li><\/ul><p>a trav\u00e9s del formulario de contacto de este sitio web o a trav\u00e9s del n\u00famero de tel\u00e9fono (+34)\u00a0<b>615 753 655.<\/b><\/p><p>Puede presentar:<\/p><ul><li><p>Queja relativa al cumplimiento de los requisitos del RD 1112\/2018 o<\/p><\/li><li><p>Solicitud de Informaci\u00f3n accesible relativa a:<\/p><ul><li><p>Contenidos que est\u00e1n excluidos del \u00e1mbito de aplicaci\u00f3n del RD 1112\/2018 seg\u00fan lo establecido por el art\u00edculo 3, apartado 4<\/p><\/li><li><p>Contenidos que est\u00e1n exentos del cumplimiento de los requisitos de accesibilidad por imponer una carga desproporcionada<\/p><\/li><\/ul><\/li><\/ul><p>En la Solicitud de informaci\u00f3n accesible, se debe concretar, con toda claridad, los hechos, razones y petici\u00f3n que permitan constatar que se trata de una solicitud razonable y leg\u00edtima.<\/p><p>Las quejas y reclamaciones sobre informaci\u00f3n accesible se realizar\u00e1n a trav\u00e9s de la sede electr\u00f3nica (<b>https:\/\/<span lang=\"es-ES-u-co-trad\">montajesmarzo.com<\/span><\/b><b>\/contacto\/<\/b>), y ser\u00e1n recibidas y tratadas por el \u00e1rea de Sistemas de la Informaci\u00f3n de\u00a0<b>M<span lang=\"es-ES-u-co-trad\">ontajes Marzo.<\/span><\/b><\/p><h2 class=\"western\">Contenido opcional<\/h2><p>Este portal est\u00e1 dise\u00f1ado para poder cambiar el tama\u00f1o del texto y el color, as\u00ed como el fondo de la p\u00e1gina mediante las opciones de configuraci\u00f3n est\u00e1ndar de los navegadores.<\/p><p>Si desea cambiar el tama\u00f1o de letra del texto en los principales navegadores gr\u00e1ficos utilice los siguientes men\u00fas:<\/p><ul><li><p>Internet Explorer, Mozilla y Firefox: Ver &gt; Tama\u00f1o del texto<\/p><\/li><li><p>Opera: Ver &gt; Zoom<\/p><\/li><li><p>Safari: Ver &gt; Hacer el texto m\u00e1s grande<\/p><\/li><li><p>Chrome: Controla la p\u00e1gina actual &gt; Tama\u00f1o del texto<\/p><\/li><li><p>Para modificar el tama\u00f1o de todo en la p\u00e1gina:<\/p><ul><li><p>Ctrl + + para aumentarlo<\/p><\/li><li><p>Ctrl + \u2013 para disminuirlo<\/p><\/li><li><p>Ctrl + 0 restaura el tama\u00f1o original del texto<\/p><\/li><li><p>Si lo que quiere es anular la hoja de estilos o modificar el color del texto, puede consultar la p\u00e1gina\u00a0<span lang=\"en-US\">How to Change Text Size or Colors de la WAI<\/span>, que se puede leer traducida al espa\u00f1ol en \u00bfC\u00f3mo cambiar el tama\u00f1o del texto o colores?<\/p><\/li><\/ul><\/li><\/ul><\/div><\/div><\/div><\/div><\/div><footer id=\"colophon\" role=\"contentinfo\"><div class=\"footer-width-fixer\"><div class=\"elementor elementor-70\" data-elementor-type=\"wp-post\" data-elementor-id=\"70\" data-elementor-post-type=\"elementor-hf\"><section class=\"elementor-section elementor-top-section elementor-element elementor-element-910539c elementor-section-boxed elementor-section-height-default elementor-section-height-default\" data-id=\"910539c\" data-element_type=\"section\"><div class=\"elementor-container elementor-column-gap-default\"><div class=\"elementor-column elementor-col-100 elementor-top-column elementor-element elementor-element-df2fb50\" data-id=\"df2fb50\" data-element_type=\"column\"><div class=\"elementor-widget-wrap elementor-element-populated\"><div class=\"elementor-element elementor-element-4f73c80 elementor-widget elementor-widget-image\" data-id=\"4f73c80\" data-element_type=\"widget\" data-widget_type=\"image.default\">\u00a0<\/div><\/div><\/div><\/div><\/section><\/div><\/div><\/footer>\t\t\t\t\t\t\t\t<\/div>\n\t\t\t\t<\/div>\n\t\t\t\t\t<\/div>\n\t\t\t\t<\/div>\n\t\t\t\t<\/div>","protected":false},"excerpt":{"rendered":"<p>ACCESIBILIDAD JUAN MANUEL MARZO\u00a0se ha comprometido a hacer accesible su sitio web, de conformidad con el\u00a0Real Decreto 1112\/2018, de 7 de septiembre, sobre accesibilidad de los sitios web y aplicaciones para dispositivos m\u00f3viles del sector p\u00fablico. La presente declaraci\u00f3n de accesibilidad se aplica al sitio web\u00a0https:\/\/www.montajesmarzo.com Situaci\u00f3n de cumplimiento Este sitio web es parcialmente conforme [&hellip;]<\/p>\n","protected":false},"author":1,"featured_media":0,"parent":0,"menu_order":0,"comment_status":"closed","ping_status":"closed","template":"elementor_canvas","meta":{"footnotes":""},"class_list":["post-23","page","type-page","status-publish","hentry"],"yoast_head":"<!-- This site is optimized with the Yoast SEO plugin v27.3 - https:\/\/yoast.com\/product\/yoast-seo-wordpress\/ -->\n<title>Accesibilidad - Montajes Marzo<\/title>\n<meta name=\"robots\" content=\"index, follow, max-snippet:-1, max-image-preview:large, max-video-preview:-1\" \/>\n<link rel=\"canonical\" href=\"https:\/\/montajesmarzo.com\/eu\/accesibilidad\/\" \/>\n<meta property=\"og:locale\" content=\"en_US\" \/>\n<meta property=\"og:type\" content=\"article\" \/>\n<meta property=\"og:title\" content=\"Accesibilidad - Montajes Marzo\" \/>\n<meta property=\"og:description\" content=\"ACCESIBILIDAD JUAN MANUEL MARZO\u00a0se ha comprometido a hacer accesible su sitio web, de conformidad con el\u00a0Real Decreto 1112\/2018, de 7 de septiembre, sobre accesibilidad de los sitios web y aplicaciones para dispositivos m\u00f3viles del sector p\u00fablico. La presente declaraci\u00f3n de accesibilidad se aplica al sitio web\u00a0https:\/\/www.montajesmarzo.com Situaci\u00f3n de cumplimiento Este sitio web es parcialmente conforme [&hellip;]\" \/>\n<meta property=\"og:url\" content=\"https:\/\/montajesmarzo.com\/eu\/accesibilidad\/\" \/>\n<meta property=\"og:site_name\" content=\"Montajes Marzo\" \/>\n<meta property=\"article:modified_time\" content=\"2024-09-20T10:16:27+00:00\" \/>\n<meta name=\"twitter:card\" content=\"summary_large_image\" \/>\n<meta name=\"twitter:label1\" content=\"Est. reading time\" \/>\n\t<meta name=\"twitter:data1\" content=\"5 minutua\" \/>\n<script type=\"application\/ld+json\" class=\"yoast-schema-graph\">{\"@context\":\"https:\\\/\\\/schema.org\",\"@graph\":[{\"@type\":\"WebPage\",\"@id\":\"https:\\\/\\\/montajesmarzo.com\\\/accesibilidad\\\/\",\"url\":\"https:\\\/\\\/montajesmarzo.com\\\/accesibilidad\\\/\",\"name\":\"Accesibilidad - Montajes Marzo\",\"isPartOf\":{\"@id\":\"https:\\\/\\\/montajesmarzo.com\\\/#website\"},\"datePublished\":\"2023-11-08T11:13:47+00:00\",\"dateModified\":\"2024-09-20T10:16:27+00:00\",\"breadcrumb\":{\"@id\":\"https:\\\/\\\/montajesmarzo.com\\\/accesibilidad\\\/#breadcrumb\"},\"inLanguage\":\"eu\",\"potentialAction\":[{\"@type\":\"ReadAction\",\"target\":[\"https:\\\/\\\/montajesmarzo.com\\\/accesibilidad\\\/\"]}]},{\"@type\":\"BreadcrumbList\",\"@id\":\"https:\\\/\\\/montajesmarzo.com\\\/accesibilidad\\\/#breadcrumb\",\"itemListElement\":[{\"@type\":\"ListItem\",\"position\":1,\"name\":\"Portada\",\"item\":\"https:\\\/\\\/montajesmarzo.com\\\/\"},{\"@type\":\"ListItem\",\"position\":2,\"name\":\"Accesibilidad\"}]},{\"@type\":\"WebSite\",\"@id\":\"https:\\\/\\\/montajesmarzo.com\\\/#website\",\"url\":\"https:\\\/\\\/montajesmarzo.com\\\/\",\"name\":\"Montajes Marzo\",\"description\":\"Empresa dedica a estructuras met\u00e1licas, herrer\u00eda, mantenimiento, trabajos decorativos, etc.\",\"publisher\":{\"@id\":\"https:\\\/\\\/montajesmarzo.com\\\/#organization\"},\"potentialAction\":[{\"@type\":\"SearchAction\",\"target\":{\"@type\":\"EntryPoint\",\"urlTemplate\":\"https:\\\/\\\/montajesmarzo.com\\\/?s={search_term_string}\"},\"query-input\":{\"@type\":\"PropertyValueSpecification\",\"valueRequired\":true,\"valueName\":\"search_term_string\"}}],\"inLanguage\":\"eu\"},{\"@type\":\"Organization\",\"@id\":\"https:\\\/\\\/montajesmarzo.com\\\/#organization\",\"name\":\"Montajes Marzo\",\"url\":\"https:\\\/\\\/montajesmarzo.com\\\/\",\"logo\":{\"@type\":\"ImageObject\",\"inLanguage\":\"eu\",\"@id\":\"https:\\\/\\\/montajesmarzo.com\\\/#\\\/schema\\\/logo\\\/image\\\/\",\"url\":\"https:\\\/\\\/montajesmarzo.com\\\/wp-content\\\/uploads\\\/2023\\\/11\\\/cropped-logo-Juan-Manuel-Marzo-1-e1699445134612.png\",\"contentUrl\":\"https:\\\/\\\/montajesmarzo.com\\\/wp-content\\\/uploads\\\/2023\\\/11\\\/cropped-logo-Juan-Manuel-Marzo-1-e1699445134612.png\",\"width\":610,\"height\":329,\"caption\":\"Montajes Marzo\"},\"image\":{\"@id\":\"https:\\\/\\\/montajesmarzo.com\\\/#\\\/schema\\\/logo\\\/image\\\/\"}}]}<\/script>\n<!-- \/ Yoast SEO plugin. -->","yoast_head_json":{"title":"Accesibilidad - Montajes Marzo","robots":{"index":"index","follow":"follow","max-snippet":"max-snippet:-1","max-image-preview":"max-image-preview:large","max-video-preview":"max-video-preview:-1"},"canonical":"https:\/\/montajesmarzo.com\/eu\/accesibilidad\/","og_locale":"en_US","og_type":"article","og_title":"Accesibilidad - Montajes Marzo","og_description":"ACCESIBILIDAD JUAN MANUEL MARZO\u00a0se ha comprometido a hacer accesible su sitio web, de conformidad con el\u00a0Real Decreto 1112\/2018, de 7 de septiembre, sobre accesibilidad de los sitios web y aplicaciones para dispositivos m\u00f3viles del sector p\u00fablico. La presente declaraci\u00f3n de accesibilidad se aplica al sitio web\u00a0https:\/\/www.montajesmarzo.com Situaci\u00f3n de cumplimiento Este sitio web es parcialmente conforme [&hellip;]","og_url":"https:\/\/montajesmarzo.com\/eu\/accesibilidad\/","og_site_name":"Montajes Marzo","article_modified_time":"2024-09-20T10:16:27+00:00","twitter_card":"summary_large_image","twitter_misc":{"Est. reading time":"5 minutua"},"schema":{"@context":"https:\/\/schema.org","@graph":[{"@type":"WebPage","@id":"https:\/\/montajesmarzo.com\/accesibilidad\/","url":"https:\/\/montajesmarzo.com\/accesibilidad\/","name":"Accesibilidad - Montajes Marzo","isPartOf":{"@id":"https:\/\/montajesmarzo.com\/#website"},"datePublished":"2023-11-08T11:13:47+00:00","dateModified":"2024-09-20T10:16:27+00:00","breadcrumb":{"@id":"https:\/\/montajesmarzo.com\/accesibilidad\/#breadcrumb"},"inLanguage":"eu","potentialAction":[{"@type":"ReadAction","target":["https:\/\/montajesmarzo.com\/accesibilidad\/"]}]},{"@type":"BreadcrumbList","@id":"https:\/\/montajesmarzo.com\/accesibilidad\/#breadcrumb","itemListElement":[{"@type":"ListItem","position":1,"name":"Portada","item":"https:\/\/montajesmarzo.com\/"},{"@type":"ListItem","position":2,"name":"Accesibilidad"}]},{"@type":"WebSite","@id":"https:\/\/montajesmarzo.com\/#website","url":"https:\/\/montajesmarzo.com\/","name":"Montajes Marzo","description":"Empresa dedica a estructuras met\u00e1licas, herrer\u00eda, mantenimiento, trabajos decorativos, etc.","publisher":{"@id":"https:\/\/montajesmarzo.com\/#organization"},"potentialAction":[{"@type":"SearchAction","target":{"@type":"EntryPoint","urlTemplate":"https:\/\/montajesmarzo.com\/?s={search_term_string}"},"query-input":{"@type":"PropertyValueSpecification","valueRequired":true,"valueName":"search_term_string"}}],"inLanguage":"eu"},{"@type":"Organization","@id":"https:\/\/montajesmarzo.com\/#organization","name":"Montajes Marzo","url":"https:\/\/montajesmarzo.com\/","logo":{"@type":"ImageObject","inLanguage":"eu","@id":"https:\/\/montajesmarzo.com\/#\/schema\/logo\/image\/","url":"https:\/\/montajesmarzo.com\/wp-content\/uploads\/2023\/11\/cropped-logo-Juan-Manuel-Marzo-1-e1699445134612.png","contentUrl":"https:\/\/montajesmarzo.com\/wp-content\/uploads\/2023\/11\/cropped-logo-Juan-Manuel-Marzo-1-e1699445134612.png","width":610,"height":329,"caption":"Montajes Marzo"},"image":{"@id":"https:\/\/montajesmarzo.com\/#\/schema\/logo\/image\/"}}]}},"_links":{"self":[{"href":"https:\/\/montajesmarzo.com\/eu\/wp-json\/wp\/v2\/pages\/23","targetHints":{"allow":["GET"]}}],"collection":[{"href":"https:\/\/montajesmarzo.com\/eu\/wp-json\/wp\/v2\/pages"}],"about":[{"href":"https:\/\/montajesmarzo.com\/eu\/wp-json\/wp\/v2\/types\/page"}],"author":[{"embeddable":true,"href":"https:\/\/montajesmarzo.com\/eu\/wp-json\/wp\/v2\/users\/1"}],"replies":[{"embeddable":true,"href":"https:\/\/montajesmarzo.com\/eu\/wp-json\/wp\/v2\/comments?post=23"}],"version-history":[{"count":7,"href":"https:\/\/montajesmarzo.com\/eu\/wp-json\/wp\/v2\/pages\/23\/revisions"}],"predecessor-version":[{"id":540,"href":"https:\/\/montajesmarzo.com\/eu\/wp-json\/wp\/v2\/pages\/23\/revisions\/540"}],"wp:attachment":[{"href":"https:\/\/montajesmarzo.com\/eu\/wp-json\/wp\/v2\/media?parent=23"}],"curies":[{"name":"wp","href":"https:\/\/api.w.org\/{rel}","templated":true}]}}